{"id":1874,"date":"2022-04-13T14:20:24","date_gmt":"2022-04-13T12:20:24","guid":{"rendered":"https:\/\/mf6vmapcce.preview.infomaniak.website\/professionelle-dienstleistungen\/"},"modified":"2025-12-10T11:58:25","modified_gmt":"2025-12-10T10:58:25","slug":"professionelle-dienstleistungen","status":"publish","type":"page","link":"https:\/\/kalyko.ch\/de\/professionelle-dienstleistungen\/","title":{"rendered":"Business to business"},"content":{"rendered":"\t\t<div data-elementor-type=\"wp-page\" data-elementor-id=\"1874\" class=\"elementor elementor-1874 elementor-1432\" data-elementor-post-type=\"page\">\n\t\t\t\t\t\t<section class=\"elementor-section elementor-top-section elementor-element elementor-element-65bb490 elementor-section-full_width elementor-section-height-default elementor-section-height-default\" data-id=\"65bb490\" data-element_type=\"section\" data-e-type=\"section\">\n\t\t\t\t\t\t<div class=\"elementor-container elementor-column-gap-default\">\n\t\t\t\t\t<div class=\"elementor-column elementor-col-100 elementor-top-column elementor-element elementor-element-9c91f41\" data-id=\"9c91f41\" data-element_type=\"column\" data-e-type=\"column\">\n\t\t\t<div class=\"elementor-widget-wrap elementor-element-populated\">\n\t\t\t\t\t\t<div class=\"elementor-element elementor-element-52a8fb5 elementor-widget elementor-widget-heading\" data-id=\"52a8fb5\" data-element_type=\"widget\" data-e-type=\"widget\" data-widget_type=\"heading.default\">\n\t\t\t\t<div class=\"elementor-widget-container\">\n\t\t\t\t\t<h1 class=\"elementor-heading-title elementor-size-default\">Business to business<\/h1>\t\t\t\t<\/div>\n\t\t\t\t<\/div>\n\t\t\t\t\t<\/div>\n\t\t<\/div>\n\t\t\t\t\t<\/div>\n\t\t<\/section>\n\t\t\t\t<section class=\"elementor-section elementor-top-section elementor-element elementor-element-30a3f27 elementor-section-boxed elementor-section-height-default elementor-section-height-default\" data-id=\"30a3f27\" data-element_type=\"section\" data-e-type=\"section\">\n\t\t\t\t\t\t<div class=\"elementor-container elementor-column-gap-default\">\n\t\t\t\t\t<div class=\"elementor-column elementor-col-100 elementor-top-column elementor-element elementor-element-99fd196\" data-id=\"99fd196\" data-element_type=\"column\" data-e-type=\"column\">\n\t\t\t<div class=\"elementor-widget-wrap elementor-element-populated\">\n\t\t\t\t\t\t<div class=\"elementor-element elementor-element-1c24b36 elementor-widget elementor-widget-heading\" data-id=\"1c24b36\" data-element_type=\"widget\" data-e-type=\"widget\" data-widget_type=\"heading.default\">\n\t\t\t\t<div class=\"elementor-widget-container\">\n\t\t\t\t\t<h2 class=\"elementor-heading-title elementor-size-default\">Lokale Partnerschaft<\/h2>\t\t\t\t<\/div>\n\t\t\t\t<\/div>\n\t\t\t\t<section class=\"elementor-section elementor-inner-section elementor-element elementor-element-aa88e5b elementor-section-boxed elementor-section-height-default elementor-section-height-default\" data-id=\"aa88e5b\" data-element_type=\"section\" data-e-type=\"section\">\n\t\t\t\t\t\t<div class=\"elementor-container elementor-column-gap-default\">\n\t\t\t\t\t<div class=\"elementor-column elementor-col-50 elementor-inner-column elementor-element elementor-element-a417dd1\" data-id=\"a417dd1\" data-element_type=\"column\" data-e-type=\"column\">\n\t\t\t<div class=\"elementor-widget-wrap elementor-element-populated\">\n\t\t\t\t\t\t<div class=\"elementor-element elementor-element-8449c45 check-list check-list service-pro elementor-widget elementor-widget-text-editor\" data-id=\"8449c45\" data-element_type=\"widget\" data-e-type=\"widget\" data-widget_type=\"text-editor.default\">\n\t\t\t\t<div class=\"elementor-widget-container\">\n\t\t\t\t\t\t\t\t\t<ul><li>Einbringen \/ Austausch von Kunden<\/li><li>Unterst\u00fctzung bei der Vermarktung, dem Verkauf und der Kundenbetreuung<\/li><li>Sch\u00e4tzung der Umstrukturierungskosten und Kostenvoranschlag<\/li><li>Vorschl\u00e4ge zur inneren Umgestaltung<\/li><li>Beratungsdienst f\u00fcr Design und Innendekoration<\/li><li>Kaufm\u00e4nnische und technische Erfahrung<\/li><\/ul>\t\t\t\t\t\t\t\t<\/div>\n\t\t\t\t<\/div>\n\t\t\t\t\t<\/div>\n\t\t<\/div>\n\t\t\t\t<div class=\"elementor-column elementor-col-50 elementor-inner-column elementor-element elementor-element-0a5e111\" data-id=\"0a5e111\" data-element_type=\"column\" data-e-type=\"column\">\n\t\t\t<div class=\"elementor-widget-wrap elementor-element-populated\">\n\t\t\t\t\t\t<div class=\"elementor-element elementor-element-e2e0aae elementor-align-justify elementor-tablet-align-left elementor-mobile-align-justify elementor-widget elementor-widget-button\" data-id=\"e2e0aae\" data-element_type=\"widget\" data-e-type=\"widget\" data-widget_type=\"button.default\">\n\t\t\t\t<div class=\"elementor-widget-container\">\n\t\t\t\t\t\t\t\t\t<div class=\"elementor-button-wrapper\">\n\t\t\t\t\t<a class=\"elementor-button elementor-button-link elementor-size-sm\" href=\"https:\/\/kalyko.ch\/de\/kontakt\/\">\n\t\t\t\t\t\t<span class=\"elementor-button-content-wrapper\">\n\t\t\t\t\t\t\t\t\t<span class=\"elementor-button-text\">Kontaktieren Sie uns<\/span>\n\t\t\t\t\t<\/span>\n\t\t\t\t\t<\/a>\n\t\t\t\t<\/div>\n\t\t\t\t\t\t\t\t<\/div>\n\t\t\t\t<\/div>\n\t\t\t\t\t<\/div>\n\t\t<\/div>\n\t\t\t\t\t<\/div>\n\t\t<\/section>\n\t\t\t\t\t<\/div>\n\t\t<\/div>\n\t\t\t\t\t<\/div>\n\t\t<\/section>\n\t\t\t\t<section class=\"elementor-section elementor-top-section elementor-element elementor-element-426a4e8 elementor-section-boxed elementor-section-height-default elementor-section-height-default\" data-id=\"426a4e8\" data-element_type=\"section\" data-e-type=\"section\">\n\t\t\t\t\t\t<div class=\"elementor-container elementor-column-gap-default\">\n\t\t\t\t\t<div class=\"elementor-column elementor-col-100 elementor-top-column elementor-element elementor-element-2e2d431\" data-id=\"2e2d431\" data-element_type=\"column\" data-e-type=\"column\">\n\t\t\t<div class=\"elementor-widget-wrap elementor-element-populated\">\n\t\t\t\t\t\t<div class=\"elementor-element elementor-element-852f63d elementor-widget elementor-widget-heading\" data-id=\"852f63d\" data-element_type=\"widget\" data-e-type=\"widget\" data-widget_type=\"heading.default\">\n\t\t\t\t<div class=\"elementor-widget-container\">\n\t\t\t\t\t<h2 class=\"elementor-heading-title elementor-size-default\">Hilfe bei der Vermarktung<\/h2>\t\t\t\t<\/div>\n\t\t\t\t<\/div>\n\t\t\t\t<section class=\"elementor-section elementor-inner-section elementor-element elementor-element-4a054dc elementor-section-boxed elementor-section-height-default elementor-section-height-default\" data-id=\"4a054dc\" data-element_type=\"section\" data-e-type=\"section\">\n\t\t\t\t\t\t<div class=\"elementor-container elementor-column-gap-default\">\n\t\t\t\t\t<div class=\"elementor-column elementor-col-50 elementor-inner-column elementor-element elementor-element-57eba53\" data-id=\"57eba53\" data-element_type=\"column\" data-e-type=\"column\">\n\t\t\t<div class=\"elementor-widget-wrap elementor-element-populated\">\n\t\t\t\t\t\t<div class=\"elementor-element elementor-element-61ea82f check-list check-list service-pro elementor-widget elementor-widget-text-editor\" data-id=\"61ea82f\" data-element_type=\"widget\" data-e-type=\"widget\" data-widget_type=\"text-editor.default\">\n\t\t\t\t<div class=\"elementor-widget-container\">\n\t\t\t\t\t\t\t\t\t<ul><li>Messungen und Pl\u00e4ne<\/li><li>Vorschl\u00e4ge zur Neugestaltung des Raumes, Modernisierung der Inneneinrichtung, M\u00f6blierung und Dekoration<\/li><li>3D-Visualisierung innen \/ au\u00dfen<\/li><li>Realistische Fotos<\/li><\/ul>\t\t\t\t\t\t\t\t<\/div>\n\t\t\t\t<\/div>\n\t\t\t\t\t<\/div>\n\t\t<\/div>\n\t\t\t\t<div class=\"elementor-column elementor-col-50 elementor-inner-column elementor-element elementor-element-7b37509\" data-id=\"7b37509\" data-element_type=\"column\" data-e-type=\"column\">\n\t\t\t<div class=\"elementor-widget-wrap elementor-element-populated\">\n\t\t\t\t\t\t<div class=\"elementor-element elementor-element-8396793 elementor-align-justify elementor-tablet-align-left elementor-mobile-align-justify elementor-widget elementor-widget-button\" data-id=\"8396793\" data-element_type=\"widget\" data-e-type=\"widget\" data-widget_type=\"button.default\">\n\t\t\t\t<div class=\"elementor-widget-container\">\n\t\t\t\t\t\t\t\t\t<div class=\"elementor-button-wrapper\">\n\t\t\t\t\t<a class=\"elementor-button elementor-button-link elementor-size-sm\" href=\"https:\/\/kalyko.ch\/de\/kontakt\/\">\n\t\t\t\t\t\t<span class=\"elementor-button-content-wrapper\">\n\t\t\t\t\t\t\t\t\t<span class=\"elementor-button-text\">Kontaktieren Sie uns<\/span>\n\t\t\t\t\t<\/span>\n\t\t\t\t\t<\/a>\n\t\t\t\t<\/div>\n\t\t\t\t\t\t\t\t<\/div>\n\t\t\t\t<\/div>\n\t\t\t\t\t<\/div>\n\t\t<\/div>\n\t\t\t\t\t<\/div>\n\t\t<\/section>\n\t\t\t\t\t<\/div>\n\t\t<\/div>\n\t\t\t\t\t<\/div>\n\t\t<\/section>\n\t\t\t\t<section class=\"elementor-section elementor-top-section elementor-element elementor-element-058c0ce elementor-section-boxed elementor-section-height-default elementor-section-height-default\" data-id=\"058c0ce\" data-element_type=\"section\" data-e-type=\"section\">\n\t\t\t\t\t\t<div class=\"elementor-container elementor-column-gap-default\">\n\t\t\t\t\t<div class=\"elementor-column elementor-col-100 elementor-top-column elementor-element elementor-element-4030b35\" data-id=\"4030b35\" data-element_type=\"column\" data-e-type=\"column\">\n\t\t\t<div class=\"elementor-widget-wrap elementor-element-populated\">\n\t\t\t\t\t\t<div class=\"elementor-element elementor-element-60cb0a4 elementor-widget elementor-widget-heading\" data-id=\"60cb0a4\" data-element_type=\"widget\" data-e-type=\"widget\" data-widget_type=\"heading.default\">\n\t\t\t\t<div class=\"elementor-widget-container\">\n\t\t\t\t\t<h2 class=\"elementor-heading-title elementor-size-default\">Hilfe bei Verkauf \/ Vermietung<\/h2>\t\t\t\t<\/div>\n\t\t\t\t<\/div>\n\t\t\t\t<section class=\"elementor-section elementor-inner-section elementor-element elementor-element-46af5cc elementor-section-boxed elementor-section-height-default elementor-section-height-default\" data-id=\"46af5cc\" data-element_type=\"section\" data-e-type=\"section\">\n\t\t\t\t\t\t<div class=\"elementor-container elementor-column-gap-default\">\n\t\t\t\t\t<div class=\"elementor-column elementor-col-50 elementor-inner-column elementor-element elementor-element-c3af25c\" data-id=\"c3af25c\" data-element_type=\"column\" data-e-type=\"column\">\n\t\t\t<div class=\"elementor-widget-wrap elementor-element-populated\">\n\t\t\t\t\t\t<div class=\"elementor-element elementor-element-17aa272 check-list service-pro elementor-widget elementor-widget-text-editor\" data-id=\"17aa272\" data-element_type=\"widget\" data-e-type=\"widget\" data-widget_type=\"text-editor.default\">\n\t\t\t\t<div class=\"elementor-widget-container\">\n\t\t\t\t\t\t\t\t\t<ul><li>Pers\u00f6nliche Beratung zu Umstrukturierungsoptionen f\u00fcr Klienten<\/li><li>Auffrischung\/Aufarbeitung f\u00fcr Verkauf\/Vermietung<\/li><li>Einrichtung einer Wohnung, eines Hauses im Hinblick auf eine m\u00f6blierte Vermietung<\/li><li>Home-staging Musterwohnung<\/li><li>Sch\u00e4tzung der Umstrukturierungskosten und Kostenvoranschlag<\/li><\/ul>\t\t\t\t\t\t\t\t<\/div>\n\t\t\t\t<\/div>\n\t\t\t\t\t<\/div>\n\t\t<\/div>\n\t\t\t\t<div class=\"elementor-column elementor-col-50 elementor-inner-column elementor-element elementor-element-9f7caa9\" data-id=\"9f7caa9\" data-element_type=\"column\" data-e-type=\"column\">\n\t\t\t<div class=\"elementor-widget-wrap elementor-element-populated\">\n\t\t\t\t\t\t<div class=\"elementor-element elementor-element-4b43bd8 elementor-align-justify elementor-tablet-align-left elementor-mobile-align-justify elementor-widget elementor-widget-button\" data-id=\"4b43bd8\" data-element_type=\"widget\" data-e-type=\"widget\" data-widget_type=\"button.default\">\n\t\t\t\t<div class=\"elementor-widget-container\">\n\t\t\t\t\t\t\t\t\t<div class=\"elementor-button-wrapper\">\n\t\t\t\t\t<a class=\"elementor-button elementor-button-link elementor-size-sm\" href=\"https:\/\/kalyko.ch\/de\/kontakt\/\">\n\t\t\t\t\t\t<span class=\"elementor-button-content-wrapper\">\n\t\t\t\t\t\t\t\t\t<span class=\"elementor-button-text\">Kontaktieren Sie uns<\/span>\n\t\t\t\t\t<\/span>\n\t\t\t\t\t<\/a>\n\t\t\t\t<\/div>\n\t\t\t\t\t\t\t\t<\/div>\n\t\t\t\t<\/div>\n\t\t\t\t\t<\/div>\n\t\t<\/div>\n\t\t\t\t\t<\/div>\n\t\t<\/section>\n\t\t\t\t\t<\/div>\n\t\t<\/div>\n\t\t\t\t\t<\/div>\n\t\t<\/section>\n\t\t\t\t<section class=\"elementor-section elementor-top-section elementor-element elementor-element-9977778 elementor-section-boxed elementor-section-height-default elementor-section-height-default\" data-id=\"9977778\" data-element_type=\"section\" data-e-type=\"section\">\n\t\t\t\t\t\t<div class=\"elementor-container elementor-column-gap-default\">\n\t\t\t\t\t<div class=\"elementor-column elementor-col-100 elementor-top-column elementor-element elementor-element-692833c\" data-id=\"692833c\" data-element_type=\"column\" data-e-type=\"column\">\n\t\t\t<div class=\"elementor-widget-wrap elementor-element-populated\">\n\t\t\t\t\t\t<div class=\"elementor-element elementor-element-6c3d413 elementor-widget elementor-widget-heading\" data-id=\"6c3d413\" data-element_type=\"widget\" data-e-type=\"widget\" data-widget_type=\"heading.default\">\n\t\t\t\t<div class=\"elementor-widget-container\">\n\t\t\t\t\t<h2 class=\"elementor-heading-title elementor-size-default\">Hilfe f\u00fcr Klienten<\/h2>\t\t\t\t<\/div>\n\t\t\t\t<\/div>\n\t\t\t\t<section class=\"elementor-section elementor-inner-section elementor-element elementor-element-1799c42 elementor-section-boxed elementor-section-height-default elementor-section-height-default\" data-id=\"1799c42\" data-element_type=\"section\" data-e-type=\"section\">\n\t\t\t\t\t\t<div class=\"elementor-container elementor-column-gap-default\">\n\t\t\t\t\t<div class=\"elementor-column elementor-col-50 elementor-inner-column elementor-element elementor-element-93d300a\" data-id=\"93d300a\" data-element_type=\"column\" data-e-type=\"column\">\n\t\t\t<div class=\"elementor-widget-wrap elementor-element-populated\">\n\t\t\t\t\t\t<div class=\"elementor-element elementor-element-e053395 check-list check-list service-pro elementor-widget elementor-widget-text-editor\" data-id=\"e053395\" data-element_type=\"widget\" data-e-type=\"widget\" data-widget_type=\"text-editor.default\">\n\t\t\t\t<div class=\"elementor-widget-container\">\n\t\t\t\t\t\t\t\t\t<ul><li>Schl\u00fcsselfertige Projekte von der Studie bis zur Umsetzung<\/li><li>Interior Design, Einrichtungsberatung<\/li><li>Concierge-Service: Umzug, Einkauf, Montage und M\u00f6blierung<\/li><li>Visualisierung der neu gestalteten und\/oder m\u00f6blierten R\u00e4ume (3D-Visualisierung und realistische Fotos)<\/li><li>Visualisierung von R\u00e4umen in Augmented Reality<\/li><li>Untersuchung und Optimierung von Innenr\u00e4umen<\/li><li>Einzigartiger und individueller Service und Kostenvoranschlag<\/li><\/ul>\t\t\t\t\t\t\t\t<\/div>\n\t\t\t\t<\/div>\n\t\t\t\t\t<\/div>\n\t\t<\/div>\n\t\t\t\t<div class=\"elementor-column elementor-col-50 elementor-inner-column elementor-element elementor-element-73de600\" data-id=\"73de600\" data-element_type=\"column\" data-e-type=\"column\">\n\t\t\t<div class=\"elementor-widget-wrap elementor-element-populated\">\n\t\t\t\t\t\t<div class=\"elementor-element elementor-element-46ffdfa elementor-align-justify elementor-tablet-align-left elementor-mobile-align-justify elementor-widget elementor-widget-button\" data-id=\"46ffdfa\" data-element_type=\"widget\" data-e-type=\"widget\" data-widget_type=\"button.default\">\n\t\t\t\t<div class=\"elementor-widget-container\">\n\t\t\t\t\t\t\t\t\t<div class=\"elementor-button-wrapper\">\n\t\t\t\t\t<a class=\"elementor-button elementor-button-link elementor-size-sm\" href=\"https:\/\/kalyko.ch\/de\/kontakt\/\">\n\t\t\t\t\t\t<span class=\"elementor-button-content-wrapper\">\n\t\t\t\t\t\t\t\t\t<span class=\"elementor-button-text\">Kontaktieren Sie uns<\/span>\n\t\t\t\t\t<\/span>\n\t\t\t\t\t<\/a>\n\t\t\t\t<\/div>\n\t\t\t\t\t\t\t\t<\/div>\n\t\t\t\t<\/div>\n\t\t\t\t\t<\/div>\n\t\t<\/div>\n\t\t\t\t\t<\/div>\n\t\t<\/section>\n\t\t\t\t\t<\/div>\n\t\t<\/div>\n\t\t\t\t\t<\/div>\n\t\t<\/section>\n\t\t\t\t<\/div>\n\t\t","protected":false},"excerpt":{"rendered":"<p>Lokale Partnerschaft Einbringen \/ Austausch von Kunden Unterst\u00fctzung bei der Vermarktung, dem Verkauf und der Kundenbetreuung Sch\u00e4tzung der Umstrukturierungskosten und Kostenvoranschlag Vorschl\u00e4ge zur inneren Umgestaltung Beratungsdienst f\u00fcr Design und Innendekoration Kaufm\u00e4nnische und technische Erfahrung Kontaktieren Sie uns Hilfe bei der Vermarktung Messungen und Pl\u00e4ne Vorschl\u00e4ge zur Neugestaltung des Raumes, Modernisierung der Inneneinrichtung, M\u00f6blierung und Dekoration [&hellip;]<\/p>\n","protected":false},"author":1,"featured_media":0,"parent":0,"menu_order":0,"comment_status":"closed","ping_status":"closed","template":"elementor_header_footer","meta":{"_acf_changed":false,"footnotes":""},"class_list":["post-1874","page","type-page","status-publish","hentry"],"acf":[],"yoast_head":"<!-- This site is optimized with the Yoast SEO plugin v27.3 - https:\/\/yoast.com\/product\/yoast-seo-wordpress\/ -->\n<title>Dienstleistungen f\u00fcr Gewerbetreibende Renovierung Einrichtung Dekoration<\/title>\n<meta name=\"description\" content=\"Renovierungs-, Einrichtungs- und Dekorationsdienste f\u00fcr Immobilien- und Baufachleute; Unterst\u00fctzung bei Verkauf und Vermietung.\" \/>\n<meta name=\"robots\" content=\"index, follow, max-snippet:-1, max-image-preview:large, max-video-preview:-1\" \/>\n<link rel=\"canonical\" href=\"https:\/\/kalyko.ch\/de\/professionelle-dienstleistungen\/\" \/>\n<meta property=\"og:locale\" content=\"de_DE\" \/>\n<meta property=\"og:type\" content=\"article\" \/>\n<meta property=\"og:title\" content=\"Dienstleistungen f\u00fcr Gewerbetreibende Renovierung Einrichtung Dekoration\" \/>\n<meta property=\"og:description\" content=\"Renovierungs-, Einrichtungs- und Dekorationsdienste f\u00fcr Immobilien- und Baufachleute; Unterst\u00fctzung bei Verkauf und Vermietung.\" \/>\n<meta property=\"og:url\" content=\"https:\/\/kalyko.ch\/de\/professionelle-dienstleistungen\/\" \/>\n<meta property=\"og:site_name\" content=\"Kalyko\" \/>\n<meta property=\"article:modified_time\" content=\"2025-12-10T10:58:25+00:00\" \/>\n<meta name=\"twitter:card\" content=\"summary_large_image\" \/>\n<meta name=\"twitter:label1\" content=\"Est. reading time\" \/>\n\t<meta name=\"twitter:data1\" content=\"1\u00a0Minute\" \/>\n<script type=\"application\/ld+json\" class=\"yoast-schema-graph\">{\"@context\":\"https:\\\/\\\/schema.org\",\"@graph\":[{\"@type\":\"WebPage\",\"@id\":\"https:\\\/\\\/kalyko.ch\\\/de\\\/professionelle-dienstleistungen\\\/\",\"url\":\"https:\\\/\\\/kalyko.ch\\\/de\\\/professionelle-dienstleistungen\\\/\",\"name\":\"Dienstleistungen f\u00fcr Gewerbetreibende Renovierung Einrichtung Dekoration\",\"isPartOf\":{\"@id\":\"https:\\\/\\\/kalyko.ch\\\/de\\\/#website\"},\"datePublished\":\"2022-04-13T12:20:24+00:00\",\"dateModified\":\"2025-12-10T10:58:25+00:00\",\"description\":\"Renovierungs-, Einrichtungs- und Dekorationsdienste f\u00fcr Immobilien- und Baufachleute; Unterst\u00fctzung bei Verkauf und Vermietung.\",\"breadcrumb\":{\"@id\":\"https:\\\/\\\/kalyko.ch\\\/de\\\/professionelle-dienstleistungen\\\/#breadcrumb\"},\"inLanguage\":\"de\",\"potentialAction\":[{\"@type\":\"ReadAction\",\"target\":[\"https:\\\/\\\/kalyko.ch\\\/de\\\/professionelle-dienstleistungen\\\/\"]}]},{\"@type\":\"BreadcrumbList\",\"@id\":\"https:\\\/\\\/kalyko.ch\\\/de\\\/professionelle-dienstleistungen\\\/#breadcrumb\",\"itemListElement\":[{\"@type\":\"ListItem\",\"position\":1,\"name\":\"Home\",\"item\":\"https:\\\/\\\/kalyko.ch\\\/de\\\/\"},{\"@type\":\"ListItem\",\"position\":2,\"name\":\"Business to business\"}]},{\"@type\":\"WebSite\",\"@id\":\"https:\\\/\\\/kalyko.ch\\\/de\\\/#website\",\"url\":\"https:\\\/\\\/kalyko.ch\\\/de\\\/\",\"name\":\"Kalyko\",\"description\":\"Design et architecture d&#039;int\u00e9rieur pour particuliers et professionnels\",\"publisher\":{\"@id\":\"https:\\\/\\\/kalyko.ch\\\/de\\\/#organization\"},\"potentialAction\":[{\"@type\":\"SearchAction\",\"target\":{\"@type\":\"EntryPoint\",\"urlTemplate\":\"https:\\\/\\\/kalyko.ch\\\/de\\\/?s={search_term_string}\"},\"query-input\":{\"@type\":\"PropertyValueSpecification\",\"valueRequired\":true,\"valueName\":\"search_term_string\"}}],\"inLanguage\":\"de\"},{\"@type\":\"Organization\",\"@id\":\"https:\\\/\\\/kalyko.ch\\\/de\\\/#organization\",\"name\":\"Kalyko\",\"url\":\"https:\\\/\\\/kalyko.ch\\\/de\\\/\",\"logo\":{\"@type\":\"ImageObject\",\"inLanguage\":\"de\",\"@id\":\"https:\\\/\\\/kalyko.ch\\\/de\\\/#\\\/schema\\\/logo\\\/image\\\/\",\"url\":\"https:\\\/\\\/kalyko.ch\\\/wp-content\\\/uploads\\\/2022\\\/01\\\/logo-2.svg\",\"contentUrl\":\"https:\\\/\\\/kalyko.ch\\\/wp-content\\\/uploads\\\/2022\\\/01\\\/logo-2.svg\",\"caption\":\"Kalyko\"},\"image\":{\"@id\":\"https:\\\/\\\/kalyko.ch\\\/de\\\/#\\\/schema\\\/logo\\\/image\\\/\"}}]}<\/script>\n<!-- \/ Yoast SEO plugin. -->","yoast_head_json":{"title":"Dienstleistungen f\u00fcr Gewerbetreibende Renovierung Einrichtung Dekoration","description":"Renovierungs-, Einrichtungs- und Dekorationsdienste f\u00fcr Immobilien- und Baufachleute; Unterst\u00fctzung bei Verkauf und Vermietung.","robots":{"index":"index","follow":"follow","max-snippet":"max-snippet:-1","max-image-preview":"max-image-preview:large","max-video-preview":"max-video-preview:-1"},"canonical":"https:\/\/kalyko.ch\/de\/professionelle-dienstleistungen\/","og_locale":"de_DE","og_type":"article","og_title":"Dienstleistungen f\u00fcr Gewerbetreibende Renovierung Einrichtung Dekoration","og_description":"Renovierungs-, Einrichtungs- und Dekorationsdienste f\u00fcr Immobilien- und Baufachleute; Unterst\u00fctzung bei Verkauf und Vermietung.","og_url":"https:\/\/kalyko.ch\/de\/professionelle-dienstleistungen\/","og_site_name":"Kalyko","article_modified_time":"2025-12-10T10:58:25+00:00","twitter_card":"summary_large_image","twitter_misc":{"Est. reading time":"1\u00a0Minute"},"schema":{"@context":"https:\/\/schema.org","@graph":[{"@type":"WebPage","@id":"https:\/\/kalyko.ch\/de\/professionelle-dienstleistungen\/","url":"https:\/\/kalyko.ch\/de\/professionelle-dienstleistungen\/","name":"Dienstleistungen f\u00fcr Gewerbetreibende Renovierung Einrichtung Dekoration","isPartOf":{"@id":"https:\/\/kalyko.ch\/de\/#website"},"datePublished":"2022-04-13T12:20:24+00:00","dateModified":"2025-12-10T10:58:25+00:00","description":"Renovierungs-, Einrichtungs- und Dekorationsdienste f\u00fcr Immobilien- und Baufachleute; Unterst\u00fctzung bei Verkauf und Vermietung.","breadcrumb":{"@id":"https:\/\/kalyko.ch\/de\/professionelle-dienstleistungen\/#breadcrumb"},"inLanguage":"de","potentialAction":[{"@type":"ReadAction","target":["https:\/\/kalyko.ch\/de\/professionelle-dienstleistungen\/"]}]},{"@type":"BreadcrumbList","@id":"https:\/\/kalyko.ch\/de\/professionelle-dienstleistungen\/#breadcrumb","itemListElement":[{"@type":"ListItem","position":1,"name":"Home","item":"https:\/\/kalyko.ch\/de\/"},{"@type":"ListItem","position":2,"name":"Business to business"}]},{"@type":"WebSite","@id":"https:\/\/kalyko.ch\/de\/#website","url":"https:\/\/kalyko.ch\/de\/","name":"Kalyko","description":"Design et architecture d&#039;int\u00e9rieur pour particuliers et professionnels","publisher":{"@id":"https:\/\/kalyko.ch\/de\/#organization"},"potentialAction":[{"@type":"SearchAction","target":{"@type":"EntryPoint","urlTemplate":"https:\/\/kalyko.ch\/de\/?s={search_term_string}"},"query-input":{"@type":"PropertyValueSpecification","valueRequired":true,"valueName":"search_term_string"}}],"inLanguage":"de"},{"@type":"Organization","@id":"https:\/\/kalyko.ch\/de\/#organization","name":"Kalyko","url":"https:\/\/kalyko.ch\/de\/","logo":{"@type":"ImageObject","inLanguage":"de","@id":"https:\/\/kalyko.ch\/de\/#\/schema\/logo\/image\/","url":"https:\/\/kalyko.ch\/wp-content\/uploads\/2022\/01\/logo-2.svg","contentUrl":"https:\/\/kalyko.ch\/wp-content\/uploads\/2022\/01\/logo-2.svg","caption":"Kalyko"},"image":{"@id":"https:\/\/kalyko.ch\/de\/#\/schema\/logo\/image\/"}}]}},"_links":{"self":[{"href":"https:\/\/kalyko.ch\/de\/wp-json\/wp\/v2\/pages\/1874","targetHints":{"allow":["GET"]}}],"collection":[{"href":"https:\/\/kalyko.ch\/de\/wp-json\/wp\/v2\/pages"}],"about":[{"href":"https:\/\/kalyko.ch\/de\/wp-json\/wp\/v2\/types\/page"}],"author":[{"embeddable":true,"href":"https:\/\/kalyko.ch\/de\/wp-json\/wp\/v2\/users\/1"}],"replies":[{"embeddable":true,"href":"https:\/\/kalyko.ch\/de\/wp-json\/wp\/v2\/comments?post=1874"}],"version-history":[{"count":2,"href":"https:\/\/kalyko.ch\/de\/wp-json\/wp\/v2\/pages\/1874\/revisions"}],"predecessor-version":[{"id":3133,"href":"https:\/\/kalyko.ch\/de\/wp-json\/wp\/v2\/pages\/1874\/revisions\/3133"}],"wp:attachment":[{"href":"https:\/\/kalyko.ch\/de\/wp-json\/wp\/v2\/media?parent=1874"}],"curies":[{"name":"wp","href":"https:\/\/api.w.org\/{rel}","templated":true}]}}